{"id":390,"date":"2015-12-14T12:19:09","date_gmt":"2015-12-14T12:19:09","guid":{"rendered":"http:\/\/kbt-barbaric.com\/kbt\/?page_id=390"},"modified":"2015-12-14T12:27:49","modified_gmt":"2015-12-14T12:27:49","slug":"doktor-u-kuci","status":"publish","type":"page","link":"https:\/\/kbt-barbaric.com\/kbt\/doktor-u-kuci\/","title":{"rendered":"Doktor u ku\u0107i"},"content":{"rendered":"<p><a style=\"color:#000; border-bottom:1px solid #fdd51c\" target=\"_blank\" href=\"http:\/\/kbt-barbaric.com\/kbt\/wp-content\/uploads\/2015\/12\/Doktor-u-kuci_Crne-i-bijele-lazi_svibanj_2013-web.pdf\">Crne i bijele la\u017ei &#8211; svibanj, 2013.<\/a><br \/>\n<a style=\"color:#000; border-bottom:1px solid #fdd51c\" target=\"_blank\"  href=\"http:\/\/kbt-barbaric.com\/kbt\/wp-content\/uploads\/2015\/12\/Doktor-u-kuci_O-komplimentima_listopad-2013-web.pdf\">O komplimentima &#8211; listopad, 2013.<\/a><br \/>\n<a style=\"color:#000; border-bottom:1px solid #fdd51c\" target=\"_blank\" href=\"http:\/\/kbt-barbaric.com\/kbt\/wp-content\/uploads\/2015\/12\/Doktor-u-kuci_Prirodni-autoritet-umjesto-kaznjavanja-djece_travanj_2013-web.pdf\">Prirodni autoritet umjesto ka\u017enjavanja djece &#8211; travanj, 2013.<\/a><br \/>\n<a style=\"color:#000; border-bottom:1px solid #fdd51c\" target=\"_blank\" href=\"http:\/\/kbt-barbaric.com\/kbt\/wp-content\/uploads\/2015\/12\/Doktor-u-kuci_Shopingiranje-od-ugode-do-opsesije_kolovoz-2013-web.pdf\">Shopingiranje od ugode do opsesije &#8211; kolovoz, 2013.<\/a><br \/>\n<a style=\"color:#000; border-bottom:1px solid #fdd51c\" target=\"_blank\" href=\"http:\/\/kbt-barbaric.com\/kbt\/wp-content\/uploads\/2015\/12\/Doktor-u-kuci_Zaposlenje-i-samopostovanje-preduvjeti-srece_veljaca-2013-web.pdf\">Zaposlenje i samopo\u0161tovanje preduvjeti sre\u0107e &#8211; velja\u010da, 2013.<\/a><br \/>\n<a style=\"color:#000; border-bottom:1px solid #fdd51c\" target=\"_blank\" style=\"color:#000; border-bottom:1px solid #fdd51c\" target=\"_blank\"  href=\"http:\/\/kbt-barbaric.com\/kbt\/wp-content\/uploads\/2015\/12\/Doktor-u-kuci_Zbog-hiperroditeljstva-djeca-u-depresiji_ozujak-2013-web.pdf\">Zbog hiperroditeljstva djeca u depresiji &#8211; o\u017eujak, 2013.<\/a><\/p>\n","protected":false},"excerpt":{"rendered":"<p>Crne i bijele la\u017ei &#8211; svibanj, 2013. O komplimentima &#8211; listopad, 2013. Prirodni autoritet umjesto ka\u017enjavanja djece &#8211; travanj, 2013. [&hellip;]<\/p>\n","protected":false},"author":1,"featured_media":0,"parent":0,"menu_order":0,"comment_status":"closed","ping_status":"closed","template":"","meta":[],"_links":{"self":[{"href":"https:\/\/kbt-barbaric.com\/kbt\/wp-json\/wp\/v2\/pages\/390"}],"collection":[{"href":"https:\/\/kbt-barbaric.com\/kbt\/wp-json\/wp\/v2\/pages"}],"about":[{"href":"https:\/\/kbt-barbaric.com\/kbt\/wp-json\/wp\/v2\/types\/page"}],"author":[{"embeddable":true,"href":"https:\/\/kbt-barbaric.com\/kbt\/wp-json\/wp\/v2\/users\/1"}],"replies":[{"embeddable":true,"href":"https:\/\/kbt-barbaric.com\/kbt\/wp-json\/wp\/v2\/comments?post=390"}],"version-history":[{"count":11,"href":"https:\/\/kbt-barbaric.com\/kbt\/wp-json\/wp\/v2\/pages\/390\/revisions"}],"predecessor-version":[{"id":407,"href":"https:\/\/kbt-barbaric.com\/kbt\/wp-json\/wp\/v2\/pages\/390\/revisions\/407"}],"wp:attachment":[{"href":"https:\/\/kbt-barbaric.com\/kbt\/wp-json\/wp\/v2\/media?parent=390"}],"curies":[{"name":"wp","href":"https:\/\/api.w.org\/{rel}","templated":true}]}}