{"id":419,"date":"2015-12-14T12:50:50","date_gmt":"2015-12-14T12:50:50","guid":{"rendered":"http:\/\/kbt-barbaric.com\/kbt\/?page_id=419"},"modified":"2015-12-14T12:52:08","modified_gmt":"2015-12-14T12:52:08","slug":"lisa","status":"publish","type":"page","link":"https:\/\/kbt-barbaric.com\/kbt\/lisa\/","title":{"rendered":"Lisa"},"content":{"rendered":"<p><a style=\"color:#000; border-bottom:1px solid #fdd51c\" target=\"_blank\" href=\"http:\/\/kbt-barbaric.com\/kbt\/wp-content\/uploads\/2015\/12\/Lisa_Umjesto-lijekova-knjiga-na-recept_30-04-12-web.pdf\">Umjesto lijekova knjiga na recept &#8211; travanj, 2012.<\/a><br \/>\n<a style=\"color:#000; border-bottom:1px solid #fdd51c\" target=\"_blank\" href=\"http:\/\/kbt-barbaric.com\/kbt\/wp-content\/uploads\/2015\/12\/Lisa_Zivot_ima_smisla_ako_zivite_prema_svojim_vrijednostima_Prilog-nezaposlenost_mladih_03-02-14-web.pdf\">\u017divot ima smisla ako \u017eivite prema svojim vrijednostima &#8211; Prilog nezaposlenost mladih &#8211; velja\u010da, 2014.<\/a><\/p>\n","protected":false},"excerpt":{"rendered":"<p>Umjesto lijekova knjiga na recept &#8211; travanj, 2012. \u017divot ima smisla ako \u017eivite prema svojim vrijednostima &#8211; Prilog nezaposlenost mladih [&hellip;]<\/p>\n","protected":false},"author":1,"featured_media":0,"parent":0,"menu_order":0,"comment_status":"closed","ping_status":"closed","template":"","meta":[],"_links":{"self":[{"href":"https:\/\/kbt-barbaric.com\/kbt\/wp-json\/wp\/v2\/pages\/419"}],"collection":[{"href":"https:\/\/kbt-barbaric.com\/kbt\/wp-json\/wp\/v2\/pages"}],"about":[{"href":"https:\/\/kbt-barbaric.com\/kbt\/wp-json\/wp\/v2\/types\/page"}],"author":[{"embeddable":true,"href":"https:\/\/kbt-barbaric.com\/kbt\/wp-json\/wp\/v2\/users\/1"}],"replies":[{"embeddable":true,"href":"https:\/\/kbt-barbaric.com\/kbt\/wp-json\/wp\/v2\/comments?post=419"}],"version-history":[{"count":4,"href":"https:\/\/kbt-barbaric.com\/kbt\/wp-json\/wp\/v2\/pages\/419\/revisions"}],"predecessor-version":[{"id":425,"href":"https:\/\/kbt-barbaric.com\/kbt\/wp-json\/wp\/v2\/pages\/419\/revisions\/425"}],"wp:attachment":[{"href":"https:\/\/kbt-barbaric.com\/kbt\/wp-json\/wp\/v2\/media?parent=419"}],"curies":[{"name":"wp","href":"https:\/\/api.w.org\/{rel}","templated":true}]}}