{"id":628,"date":"2018-02-13T17:14:57","date_gmt":"2018-02-13T17:14:57","guid":{"rendered":"http:\/\/kbt-barbaric.com\/kbt\/?page_id=628"},"modified":"2020-04-30T18:38:27","modified_gmt":"2020-04-30T18:38:27","slug":"novo-grupni-program-ovladavanja-napadajima-panike","status":"publish","type":"page","link":"https:\/\/kbt-barbaric.com\/kbt\/novo-grupni-program-ovladavanja-napadajima-panike\/","title":{"rendered":"NOVO \u2013 Grupni program ovladavanja napadajima panike"},"content":{"rendered":"<p>Idu\u0107i ciklus kre\u0107e 27.05.2020. godine!<\/p>\n<p>Vi\u0161e o programu pro\u010ditajte na: <a href=\"http:\/\/kbt-barbaric.com\/kbt\/napadaji-panike-panicni-poremecaj-i-agorafobija\/\">napadaji-panike-panicni-poremecaj-i-agorafobija<\/a><\/p>\n","protected":false},"excerpt":{"rendered":"<p>Idu\u0107i ciklus kre\u0107e 27.05.2020. godine! Vi\u0161e o programu pro\u010ditajte na: napadaji-panike-panicni-poremecaj-i-agorafobija<\/p>\n","protected":false},"author":3,"featured_media":0,"parent":0,"menu_order":0,"comment_status":"closed","ping_status":"closed","template":"","meta":[],"_links":{"self":[{"href":"https:\/\/kbt-barbaric.com\/kbt\/wp-json\/wp\/v2\/pages\/628"}],"collection":[{"href":"https:\/\/kbt-barbaric.com\/kbt\/wp-json\/wp\/v2\/pages"}],"about":[{"href":"https:\/\/kbt-barbaric.com\/kbt\/wp-json\/wp\/v2\/types\/page"}],"author":[{"embeddable":true,"href":"https:\/\/kbt-barbaric.com\/kbt\/wp-json\/wp\/v2\/users\/3"}],"replies":[{"embeddable":true,"href":"https:\/\/kbt-barbaric.com\/kbt\/wp-json\/wp\/v2\/comments?post=628"}],"version-history":[{"count":9,"href":"https:\/\/kbt-barbaric.com\/kbt\/wp-json\/wp\/v2\/pages\/628\/revisions"}],"predecessor-version":[{"id":786,"href":"https:\/\/kbt-barbaric.com\/kbt\/wp-json\/wp\/v2\/pages\/628\/revisions\/786"}],"wp:attachment":[{"href":"https:\/\/kbt-barbaric.com\/kbt\/wp-json\/wp\/v2\/media?parent=628"}],"curies":[{"name":"wp","href":"https:\/\/api.w.org\/{rel}","templated":true}]}}